{"id":17,"date":"2022-04-08T14:57:33","date_gmt":"2022-04-08T14:57:33","guid":{"rendered":"https:\/\/3d-island.com\/mon-compte"},"modified":"2022-04-08T18:24:14","modified_gmt":"2022-04-08T18:24:14","slug":"mon-compte","status":"publish","type":"page","link":"https:\/\/3d-island.com\/?page_id=17","title":{"rendered":"Mon-Compte"},"content":{"rendered":"<div class=\"woocommerce\">\t\t\t<link rel=\"stylesheet\" id=\"wd-woo-mod-login-form-css\" href=\"https:\/\/3d-island.com\/wp-content\/themes\/woodmart\/css\/parts\/woo-mod-login-form.min.css?ver=6.3.3\" type=\"text\/css\" media=\"all\" \/> \t\t\t\t\t\t<link rel=\"stylesheet\" id=\"wd-woo-page-login-register-css\" href=\"https:\/\/3d-island.com\/wp-content\/themes\/woodmart\/css\/parts\/woo-page-login-register.min.css?ver=6.3.3\" type=\"text\/css\" media=\"all\" \/> \t\t\t<div class=\"woocommerce-notices-wrapper\"><\/div>\n<div class=\"wd-registration-page wd-register-tabs\">\n\n\n<div class=\"row\" id=\"customer_login\">\n\n\t<div class=\"col-12 col-md-6 col-login\">\n\n\n\t\t<h2 class=\"wd-login-title\">Se connecter<\/h2>\n\n\t\t\t\t\t<form method=\"post\" class=\"login woocommerce-form woocommerce-form-login\n\t\t\t\t\t\t\" action=\"https:\/\/3d-island.com\/?page_id=17&#038;action=login\" \t\t\t>\n\n\t\t\t\t\n\t\t\t\t\n\t\t\t\t<p class=\"woocommerce-FormRow woocommerce-FormRow--wide form-row form-row-wide form-row-username\">\n\t\t\t\t\t<label for=\"username\">Identifiant ou e-mail&nbsp;<span class=\"required\">*<\/span><\/label>\n\t\t\t\t\t<input type=\"text\" class=\"woocommerce-Input woocommerce-Input--text input-text\" name=\"username\" id=\"username\" value=\"\" \/>\t\t\t\t<\/p>\n\t\t\t\t<p class=\"woocommerce-FormRow woocommerce-FormRow--wide form-row form-row-wide form-row-password\">\n\t\t\t\t\t<label for=\"password\">Password&nbsp;<span class=\"required\">*<\/span><\/label>\n\t\t\t\t\t<input class=\"woocommerce-Input woocommerce-Input--text input-text\" type=\"password\" name=\"password\" id=\"password\" autocomplete=\"current-password\" \/>\n\t\t\t\t<\/p>\n\n\t\t\t\t\n\t\t\t\t<p class=\"form-row\">\n\t\t\t\t\t<input type=\"hidden\" id=\"woocommerce-login-nonce\" name=\"woocommerce-login-nonce\" value=\"634f8c3328\" \/><input type=\"hidden\" name=\"_wp_http_referer\" value=\"\/index.php?rest_route=%2Fwp%2Fv2%2Fpages%2F17\" \/>\t\t\t\t\t\t\t\t\t\t<button type=\"submit\" class=\"button woocommerce-button woocommerce-form-login__submit\" name=\"login\" value=\"Log in\">Log in<\/button>\n\t\t\t\t<\/p>\n\n\t\t\t\t<div class=\"login-form-footer\">\n\t\t\t\t\t<a href=\"https:\/\/3d-island.com\/?page_id=17&#038;lost-password\" class=\"woocommerce-LostPassword lost_password\">Lost your password?<\/a>\n\t\t\t\t\t<label class=\"woocommerce-form__label woocommerce-form__label-for-checkbox woocommerce-form-login__rememberme\">\n\t\t\t\t\t\t<input class=\"woocommerce-form__input woocommerce-form__input-checkbox\" name=\"rememberme\" type=\"checkbox\" value=\"forever\" title=\"Remember me\" aria-label=\"Remember me\" \/> <span>Remember me<\/span>\n\t\t\t\t\t<\/label>\n\t\t\t\t<\/div>\n\n\t\t\t\t\n\t\t\t\t\t\t\t<\/form>\n\n\t\t\t\t\n\n\t<\/div>\n\n\t<div class=\"col-12 col-md-6 col-register\">\n\n\t\t<h2 class=\"wd-login-title\">S\u2019inscrire<\/h2>\n\n\t\t<form method=\"post\" action=\"https:\/\/3d-island.com\/?page_id=17&#038;action=register\" class=\"woocommerce-form woocommerce-form-register register\"  >\n\n\t\t\t\n\t\t\t\n\t\t\t<p class=\"woocommerce-FormRow woocommerce-FormRow--wide form-row form-row-wide\">\n\t\t\t\t<label for=\"reg_email\">Adresse e-mail&nbsp;<span class=\"required\">*<\/span><\/label>\n\t\t\t\t<input type=\"email\" class=\"woocommerce-Input woocommerce-Input--text input-text\" name=\"email\" id=\"reg_email\" autocomplete=\"email\" value=\"\" \/>\n\t\t\t<\/p>\n\n\t\t\t\n\t\t\t\t<p>Un lien permettant de d\u00e9finir un nouveau mot de passe sera envoy\u00e9 \u00e0 votre adresse e-mail.<\/p>\n\n\t\t\t\n\t\t\t<!-- Spam Trap -->\n\t\t\t<div style=\"left: -999em; position: absolute;\"><label for=\"trap\">Anti-spam<\/label><input type=\"text\" name=\"email_2\" id=\"trap\" tabindex=\"-1\" \/><\/div>\n\n\t\t\t<wc-order-attribution-inputs><\/wc-order-attribution-inputs><div class=\"woocommerce-privacy-policy-text\"><p>Vos donn\u00e9es personnelles seront utilis\u00e9es pour vous accompagner au cours de votre visite du site web, g\u00e9rer l\u2019acc\u00e8s \u00e0 votre compte, et pour d\u2019autres raisons d\u00e9crites dans notre <a href=\"https:\/\/3d-island.com\/?page_id=3\" class=\"woocommerce-privacy-policy-link\" target=\"_blank\">politique de confidentialit\u00e9<\/a>.<\/p>\n<\/div>\t\t\t\n\t\t\t<p class=\"woocommerce-form-row form-row\">\n\t\t\t\t<input type=\"hidden\" id=\"_wpnonce\" name=\"_wpnonce\" value=\"f4116e577e\" \/><input type=\"hidden\" name=\"_wp_http_referer\" value=\"\/index.php?rest_route=%2Fwp%2Fv2%2Fpages%2F17\" \/>\t\t\t\t<button type=\"submit\" class=\"woocommerce-Button button\" name=\"register\" value=\"S\u2019inscrire\">S\u2019inscrire<\/button>\n\t\t\t<\/p>\n\n\t\t\t\n\t\t<\/form>\n\n\t<\/div>\n\n\t\t\t<div class=\"col-12 col-md-6 col-register-text\">\n\n\t\t\t<div class=\"title wd-login-divider register-or\"><span>Or<\/span><\/div>\n\n\t\t\t\n\t\t\t\t\t\t\t<h2 class=\"wd-login-title\">S&#039;inscrire<\/h2>\n\t\t\t\n\t\t\t\n\t\t\t\t\t\t\t<div class=\"registration-info\">L'inscription \u00e0 ce site vous permet d'acc\u00e9der \u00e0 l'\u00e9tat et \u00e0 l'historique de vos commandes. Remplissez simplement les champs ci-dessous et nous cr\u00e9erons un nouveau compte pour vous en un rien de temps. Nous ne vous demanderons que les informations n\u00e9cessaires pour rendre le processus d'achat plus rapide et plus facile.<\/div>\n\t\t\t\n\t\t\t\n\t\t\t<a href=\"#\" rel=\"nofollow noopener\" class=\"btn wd-switch-to-register\" data-login=\"Se connecter\" data-login-title=\"Connexion\" data-reg-title=\"S&#039;inscrire\" data-register=\"S\u2019inscrire\">S\u2019inscrire<\/a>\n\n\t\t<\/div>\n\t\t\n<\/div>\n\n<\/div>\n\n<\/div>\n","protected":false},"excerpt":{"rendered":"","protected":false},"author":1,"featured_media":0,"parent":0,"menu_order":0,"comment_status":"closed","ping_status":"closed","template":"","meta":{"footnotes":""},"class_list":["post-17","page","type-page","status-publish","hentry"],"yoast_head":"<!-- This site is optimized with the Yoast SEO plugin v27.3 - https:\/\/yoast.com\/product\/yoast-seo-wordpress\/ -->\n<title>Mon-Compte - 3D-ISLAND<\/title>\n<meta name=\"robots\" content=\"index, follow, max-snippet:-1, max-image-preview:large, max-video-preview:-1\" \/>\n<link rel=\"canonical\" href=\"https:\/\/3d-island.com\/?page_id=17\" \/>\n<meta property=\"og:locale\" content=\"fr_FR\" \/>\n<meta property=\"og:type\" content=\"article\" \/>\n<meta property=\"og:title\" content=\"Mon-Compte - 3D-ISLAND\" \/>\n<meta property=\"og:url\" content=\"https:\/\/3d-island.com\/?page_id=17\" \/>\n<meta property=\"og:site_name\" content=\"3D-ISLAND\" \/>\n<meta property=\"article:publisher\" content=\"https:\/\/www.facebook.com\/lbi3d974\" \/>\n<meta property=\"article:modified_time\" content=\"2022-04-08T18:24:14+00:00\" \/>\n<meta name=\"twitter:card\" content=\"summary_large_image\" \/>\n<script type=\"application\/ld+json\" class=\"yoast-schema-graph\">{\"@context\":\"https:\\\/\\\/schema.org\",\"@graph\":[{\"@type\":\"WebPage\",\"@id\":\"https:\\\/\\\/3d-island.com\\\/?page_id=17\",\"url\":\"https:\\\/\\\/3d-island.com\\\/?page_id=17\",\"name\":\"Mon-Compte - 3D-ISLAND\",\"isPartOf\":{\"@id\":\"https:\\\/\\\/3d-island.com\\\/#website\"},\"datePublished\":\"2022-04-08T14:57:33+00:00\",\"dateModified\":\"2022-04-08T18:24:14+00:00\",\"breadcrumb\":{\"@id\":\"https:\\\/\\\/3d-island.com\\\/?page_id=17#breadcrumb\"},\"inLanguage\":\"fr-FR\",\"potentialAction\":[{\"@type\":\"ReadAction\",\"target\":[\"https:\\\/\\\/3d-island.com\\\/?page_id=17\"]}]},{\"@type\":\"BreadcrumbList\",\"@id\":\"https:\\\/\\\/3d-island.com\\\/?page_id=17#breadcrumb\",\"itemListElement\":[{\"@type\":\"ListItem\",\"position\":1,\"name\":\"Accueil\",\"item\":\"https:\\\/\\\/3d-island.com\\\/\"},{\"@type\":\"ListItem\",\"position\":2,\"name\":\"Mon-Compte\"}]},{\"@type\":\"WebSite\",\"@id\":\"https:\\\/\\\/3d-island.com\\\/#website\",\"url\":\"https:\\\/\\\/3d-island.com\\\/\",\"name\":\"3D-ISLAND\",\"description\":\"3D-ISLAND l&#039;impression 3D \u00e0 la demande\",\"publisher\":{\"@id\":\"https:\\\/\\\/3d-island.com\\\/#organization\"},\"potentialAction\":[{\"@type\":\"SearchAction\",\"target\":{\"@type\":\"EntryPoint\",\"urlTemplate\":\"https:\\\/\\\/3d-island.com\\\/?s={search_term_string}\"},\"query-input\":{\"@type\":\"PropertyValueSpecification\",\"valueRequired\":true,\"valueName\":\"search_term_string\"}}],\"inLanguage\":\"fr-FR\"},{\"@type\":\"Organization\",\"@id\":\"https:\\\/\\\/3d-island.com\\\/#organization\",\"name\":\"3D-ISLAND\",\"url\":\"https:\\\/\\\/3d-island.com\\\/\",\"logo\":{\"@type\":\"ImageObject\",\"inLanguage\":\"fr-FR\",\"@id\":\"https:\\\/\\\/3d-island.com\\\/#\\\/schema\\\/logo\\\/image\\\/\",\"url\":\"https:\\\/\\\/3d-island.com\\\/wp-content\\\/uploads\\\/2021\\\/08\\\/logo3disland.png\",\"contentUrl\":\"https:\\\/\\\/3d-island.com\\\/wp-content\\\/uploads\\\/2021\\\/08\\\/logo3disland.png\",\"width\":1538,\"height\":221,\"caption\":\"3D-ISLAND\"},\"image\":{\"@id\":\"https:\\\/\\\/3d-island.com\\\/#\\\/schema\\\/logo\\\/image\\\/\"},\"sameAs\":[\"https:\\\/\\\/www.facebook.com\\\/lbi3d974\"]}]}<\/script>\n<!-- \/ Yoast SEO plugin. -->","yoast_head_json":{"title":"Mon-Compte - 3D-ISLAND","robots":{"index":"index","follow":"follow","max-snippet":"max-snippet:-1","max-image-preview":"max-image-preview:large","max-video-preview":"max-video-preview:-1"},"canonical":"https:\/\/3d-island.com\/?page_id=17","og_locale":"fr_FR","og_type":"article","og_title":"Mon-Compte - 3D-ISLAND","og_url":"https:\/\/3d-island.com\/?page_id=17","og_site_name":"3D-ISLAND","article_publisher":"https:\/\/www.facebook.com\/lbi3d974","article_modified_time":"2022-04-08T18:24:14+00:00","twitter_card":"summary_large_image","schema":{"@context":"https:\/\/schema.org","@graph":[{"@type":"WebPage","@id":"https:\/\/3d-island.com\/?page_id=17","url":"https:\/\/3d-island.com\/?page_id=17","name":"Mon-Compte - 3D-ISLAND","isPartOf":{"@id":"https:\/\/3d-island.com\/#website"},"datePublished":"2022-04-08T14:57:33+00:00","dateModified":"2022-04-08T18:24:14+00:00","breadcrumb":{"@id":"https:\/\/3d-island.com\/?page_id=17#breadcrumb"},"inLanguage":"fr-FR","potentialAction":[{"@type":"ReadAction","target":["https:\/\/3d-island.com\/?page_id=17"]}]},{"@type":"BreadcrumbList","@id":"https:\/\/3d-island.com\/?page_id=17#breadcrumb","itemListElement":[{"@type":"ListItem","position":1,"name":"Accueil","item":"https:\/\/3d-island.com\/"},{"@type":"ListItem","position":2,"name":"Mon-Compte"}]},{"@type":"WebSite","@id":"https:\/\/3d-island.com\/#website","url":"https:\/\/3d-island.com\/","name":"3D-ISLAND","description":"3D-ISLAND l&#039;impression 3D \u00e0 la demande","publisher":{"@id":"https:\/\/3d-island.com\/#organization"},"potentialAction":[{"@type":"SearchAction","target":{"@type":"EntryPoint","urlTemplate":"https:\/\/3d-island.com\/?s={search_term_string}"},"query-input":{"@type":"PropertyValueSpecification","valueRequired":true,"valueName":"search_term_string"}}],"inLanguage":"fr-FR"},{"@type":"Organization","@id":"https:\/\/3d-island.com\/#organization","name":"3D-ISLAND","url":"https:\/\/3d-island.com\/","logo":{"@type":"ImageObject","inLanguage":"fr-FR","@id":"https:\/\/3d-island.com\/#\/schema\/logo\/image\/","url":"https:\/\/3d-island.com\/wp-content\/uploads\/2021\/08\/logo3disland.png","contentUrl":"https:\/\/3d-island.com\/wp-content\/uploads\/2021\/08\/logo3disland.png","width":1538,"height":221,"caption":"3D-ISLAND"},"image":{"@id":"https:\/\/3d-island.com\/#\/schema\/logo\/image\/"},"sameAs":["https:\/\/www.facebook.com\/lbi3d974"]}]}},"jetpack_sharing_enabled":true,"_links":{"self":[{"href":"https:\/\/3d-island.com\/index.php?rest_route=\/wp\/v2\/pages\/17","targetHints":{"allow":["GET"]}}],"collection":[{"href":"https:\/\/3d-island.com\/index.php?rest_route=\/wp\/v2\/pages"}],"about":[{"href":"https:\/\/3d-island.com\/index.php?rest_route=\/wp\/v2\/types\/page"}],"author":[{"embeddable":true,"href":"https:\/\/3d-island.com\/index.php?rest_route=\/wp\/v2\/users\/1"}],"replies":[{"embeddable":true,"href":"https:\/\/3d-island.com\/index.php?rest_route=%2Fwp%2Fv2%2Fcomments&post=17"}],"version-history":[{"count":0,"href":"https:\/\/3d-island.com\/index.php?rest_route=\/wp\/v2\/pages\/17\/revisions"}],"wp:attachment":[{"href":"https:\/\/3d-island.com\/index.php?rest_route=%2Fwp%2Fv2%2Fmedia&parent=17"}],"curies":[{"name":"wp","href":"https:\/\/api.w.org\/{rel}","templated":true}]}}