{"id":312,"date":"2021-08-26T16:22:24","date_gmt":"2021-08-26T16:22:24","guid":{"rendered":"http:\/\/dummy.xtemos.com\/woodmart2\/elementor\/?post_type=product&#038;p=312"},"modified":"2026-04-12T22:07:13","modified_gmt":"2026-04-12T18:07:13","slug":"logos-neon","status":"publish","type":"product","link":"https:\/\/3d-island.com\/?product=logos-neon","title":{"rendered":"Logos"},"content":{"rendered":"","protected":false},"excerpt":{"rendered":"<p>Logos avec rendu n\u00e9on<\/p>\n<p>Fil \u00e9lectroluminescent USB.<\/p>\n<p>Pour obtenir votre devis personnalis\u00e9, merci d&rsquo; utiliser <a href=\"https:\/\/3d-island.com\/contact\">notre formulaire de contact.<\/a><\/p>\n<p>&nbsp;<\/p>\n","protected":false},"featured_media":8776,"comment_status":"open","ping_status":"closed","template":"","meta":[],"pwb-brand":[],"product_brand":[],"product_cat":[42],"product_tag":[84,83],"class_list":{"0":"post-312","1":"product","2":"type-product","3":"status-publish","4":"has-post-thumbnail","6":"product_cat-logo-neon","7":"product_tag-fil-electroluminescent","8":"product_tag-usb","10":"first","11":"instock","12":"shipping-taxable","13":"product-type-simple"},"yoast_head":"<!-- This site is optimized with the Yoast SEO plugin v27.3 - https:\/\/yoast.com\/product\/yoast-seo-wordpress\/ -->\n<title>Logos - 3D-ISLAND<\/title>\n<meta name=\"robots\" content=\"index, follow, max-snippet:-1, max-image-preview:large, max-video-preview:-1\" \/>\n<link rel=\"canonical\" href=\"https:\/\/3d-island.com\/produit\/logos-neon\" \/>\n<meta property=\"og:locale\" content=\"fr_FR\" \/>\n<meta property=\"og:type\" content=\"article\" \/>\n<meta property=\"og:title\" content=\"Logos - 3D-ISLAND\" \/>\n<meta property=\"og:description\" content=\"Logos avec rendu n\u00e9on  Fil \u00e9lectroluminescent USB.  Pour obtenir votre devis personnalis\u00e9, merci d&#039; utiliser notre formulaire de contact.  &nbsp;\" \/>\n<meta property=\"og:url\" content=\"https:\/\/3d-island.com\/produit\/logos-neon\" \/>\n<meta property=\"og:site_name\" content=\"3D-ISLAND\" \/>\n<meta property=\"article:publisher\" content=\"https:\/\/www.facebook.com\/lbi3d974\" \/>\n<meta property=\"article:modified_time\" content=\"2026-04-12T18:07:13+00:00\" \/>\n<meta property=\"og:image\" content=\"https:\/\/3d-island.com\/wp-content\/uploads\/2021\/08\/C24.png\" \/>\n\t<meta property=\"og:image:width\" content=\"800\" \/>\n\t<meta property=\"og:image:height\" content=\"790\" \/>\n\t<meta property=\"og:image:type\" content=\"image\/png\" \/>\n<meta name=\"twitter:card\" content=\"summary_large_image\" \/>\n<script type=\"application\/ld+json\" class=\"yoast-schema-graph\">{\"@context\":\"https:\\\/\\\/schema.org\",\"@graph\":[{\"@type\":\"WebPage\",\"@id\":\"https:\\\/\\\/3d-island.com\\\/produit\\\/logos-neon\",\"url\":\"https:\\\/\\\/3d-island.com\\\/produit\\\/logos-neon\",\"name\":\"Logos - 3D-ISLAND\",\"isPartOf\":{\"@id\":\"https:\\\/\\\/3d-island.com\\\/#website\"},\"primaryImageOfPage\":{\"@id\":\"https:\\\/\\\/3d-island.com\\\/produit\\\/logos-neon#primaryimage\"},\"image\":{\"@id\":\"https:\\\/\\\/3d-island.com\\\/produit\\\/logos-neon#primaryimage\"},\"thumbnailUrl\":\"https:\\\/\\\/3d-island.com\\\/wp-content\\\/uploads\\\/2021\\\/08\\\/C24.png\",\"datePublished\":\"2021-08-26T16:22:24+00:00\",\"dateModified\":\"2026-04-12T18:07:13+00:00\",\"breadcrumb\":{\"@id\":\"https:\\\/\\\/3d-island.com\\\/produit\\\/logos-neon#breadcrumb\"},\"inLanguage\":\"fr-FR\",\"potentialAction\":[{\"@type\":\"ReadAction\",\"target\":[\"https:\\\/\\\/3d-island.com\\\/produit\\\/logos-neon\"]}]},{\"@type\":\"ImageObject\",\"inLanguage\":\"fr-FR\",\"@id\":\"https:\\\/\\\/3d-island.com\\\/produit\\\/logos-neon#primaryimage\",\"url\":\"https:\\\/\\\/3d-island.com\\\/wp-content\\\/uploads\\\/2021\\\/08\\\/C24.png\",\"contentUrl\":\"https:\\\/\\\/3d-island.com\\\/wp-content\\\/uploads\\\/2021\\\/08\\\/C24.png\",\"width\":800,\"height\":790},{\"@type\":\"BreadcrumbList\",\"@id\":\"https:\\\/\\\/3d-island.com\\\/produit\\\/logos-neon#breadcrumb\",\"itemListElement\":[{\"@type\":\"ListItem\",\"position\":1,\"name\":\"Accueil\",\"item\":\"https:\\\/\\\/3d-island.com\\\/\"},{\"@type\":\"ListItem\",\"position\":2,\"name\":\"BOUTIQUE\",\"item\":\"https:\\\/\\\/3d-island.com\\\/?page_id=14\"},{\"@type\":\"ListItem\",\"position\":3,\"name\":\"Logos\"}]},{\"@type\":\"WebSite\",\"@id\":\"https:\\\/\\\/3d-island.com\\\/#website\",\"url\":\"https:\\\/\\\/3d-island.com\\\/\",\"name\":\"3D-ISLAND\",\"description\":\"3D-ISLAND l&#039;impression 3D \u00e0 la demande\",\"publisher\":{\"@id\":\"https:\\\/\\\/3d-island.com\\\/#organization\"},\"potentialAction\":[{\"@type\":\"SearchAction\",\"target\":{\"@type\":\"EntryPoint\",\"urlTemplate\":\"https:\\\/\\\/3d-island.com\\\/?s={search_term_string}\"},\"query-input\":{\"@type\":\"PropertyValueSpecification\",\"valueRequired\":true,\"valueName\":\"search_term_string\"}}],\"inLanguage\":\"fr-FR\"},{\"@type\":\"Organization\",\"@id\":\"https:\\\/\\\/3d-island.com\\\/#organization\",\"name\":\"3D-ISLAND\",\"url\":\"https:\\\/\\\/3d-island.com\\\/\",\"logo\":{\"@type\":\"ImageObject\",\"inLanguage\":\"fr-FR\",\"@id\":\"https:\\\/\\\/3d-island.com\\\/#\\\/schema\\\/logo\\\/image\\\/\",\"url\":\"https:\\\/\\\/3d-island.com\\\/wp-content\\\/uploads\\\/2021\\\/08\\\/logo3disland.png\",\"contentUrl\":\"https:\\\/\\\/3d-island.com\\\/wp-content\\\/uploads\\\/2021\\\/08\\\/logo3disland.png\",\"width\":1538,\"height\":221,\"caption\":\"3D-ISLAND\"},\"image\":{\"@id\":\"https:\\\/\\\/3d-island.com\\\/#\\\/schema\\\/logo\\\/image\\\/\"},\"sameAs\":[\"https:\\\/\\\/www.facebook.com\\\/lbi3d974\"]}]}<\/script>\n<!-- \/ Yoast SEO plugin. -->","yoast_head_json":{"title":"Logos - 3D-ISLAND","robots":{"index":"index","follow":"follow","max-snippet":"max-snippet:-1","max-image-preview":"max-image-preview:large","max-video-preview":"max-video-preview:-1"},"canonical":"https:\/\/3d-island.com\/produit\/logos-neon","og_locale":"fr_FR","og_type":"article","og_title":"Logos - 3D-ISLAND","og_description":"Logos avec rendu n\u00e9on  Fil \u00e9lectroluminescent USB.  Pour obtenir votre devis personnalis\u00e9, merci d' utiliser notre formulaire de contact.  &nbsp;","og_url":"https:\/\/3d-island.com\/produit\/logos-neon","og_site_name":"3D-ISLAND","article_publisher":"https:\/\/www.facebook.com\/lbi3d974","article_modified_time":"2026-04-12T18:07:13+00:00","og_image":[{"width":800,"height":790,"url":"https:\/\/3d-island.com\/wp-content\/uploads\/2021\/08\/C24.png","type":"image\/png"}],"twitter_card":"summary_large_image","schema":{"@context":"https:\/\/schema.org","@graph":[{"@type":"WebPage","@id":"https:\/\/3d-island.com\/produit\/logos-neon","url":"https:\/\/3d-island.com\/produit\/logos-neon","name":"Logos - 3D-ISLAND","isPartOf":{"@id":"https:\/\/3d-island.com\/#website"},"primaryImageOfPage":{"@id":"https:\/\/3d-island.com\/produit\/logos-neon#primaryimage"},"image":{"@id":"https:\/\/3d-island.com\/produit\/logos-neon#primaryimage"},"thumbnailUrl":"https:\/\/3d-island.com\/wp-content\/uploads\/2021\/08\/C24.png","datePublished":"2021-08-26T16:22:24+00:00","dateModified":"2026-04-12T18:07:13+00:00","breadcrumb":{"@id":"https:\/\/3d-island.com\/produit\/logos-neon#breadcrumb"},"inLanguage":"fr-FR","potentialAction":[{"@type":"ReadAction","target":["https:\/\/3d-island.com\/produit\/logos-neon"]}]},{"@type":"ImageObject","inLanguage":"fr-FR","@id":"https:\/\/3d-island.com\/produit\/logos-neon#primaryimage","url":"https:\/\/3d-island.com\/wp-content\/uploads\/2021\/08\/C24.png","contentUrl":"https:\/\/3d-island.com\/wp-content\/uploads\/2021\/08\/C24.png","width":800,"height":790},{"@type":"BreadcrumbList","@id":"https:\/\/3d-island.com\/produit\/logos-neon#breadcrumb","itemListElement":[{"@type":"ListItem","position":1,"name":"Accueil","item":"https:\/\/3d-island.com\/"},{"@type":"ListItem","position":2,"name":"BOUTIQUE","item":"https:\/\/3d-island.com\/?page_id=14"},{"@type":"ListItem","position":3,"name":"Logos"}]},{"@type":"WebSite","@id":"https:\/\/3d-island.com\/#website","url":"https:\/\/3d-island.com\/","name":"3D-ISLAND","description":"3D-ISLAND l&#039;impression 3D \u00e0 la demande","publisher":{"@id":"https:\/\/3d-island.com\/#organization"},"potentialAction":[{"@type":"SearchAction","target":{"@type":"EntryPoint","urlTemplate":"https:\/\/3d-island.com\/?s={search_term_string}"},"query-input":{"@type":"PropertyValueSpecification","valueRequired":true,"valueName":"search_term_string"}}],"inLanguage":"fr-FR"},{"@type":"Organization","@id":"https:\/\/3d-island.com\/#organization","name":"3D-ISLAND","url":"https:\/\/3d-island.com\/","logo":{"@type":"ImageObject","inLanguage":"fr-FR","@id":"https:\/\/3d-island.com\/#\/schema\/logo\/image\/","url":"https:\/\/3d-island.com\/wp-content\/uploads\/2021\/08\/logo3disland.png","contentUrl":"https:\/\/3d-island.com\/wp-content\/uploads\/2021\/08\/logo3disland.png","width":1538,"height":221,"caption":"3D-ISLAND"},"image":{"@id":"https:\/\/3d-island.com\/#\/schema\/logo\/image\/"},"sameAs":["https:\/\/www.facebook.com\/lbi3d974"]}]}},"jetpack_sharing_enabled":true,"brands":[],"_links":{"self":[{"href":"https:\/\/3d-island.com\/index.php?rest_route=\/wp\/v2\/product\/312","targetHints":{"allow":["GET"]}}],"collection":[{"href":"https:\/\/3d-island.com\/index.php?rest_route=\/wp\/v2\/product"}],"about":[{"href":"https:\/\/3d-island.com\/index.php?rest_route=\/wp\/v2\/types\/product"}],"replies":[{"embeddable":true,"href":"https:\/\/3d-island.com\/index.php?rest_route=%2Fwp%2Fv2%2Fcomments&post=312"}],"version-history":[{"count":0,"href":"https:\/\/3d-island.com\/index.php?rest_route=\/wp\/v2\/product\/312\/revisions"}],"wp:featuredmedia":[{"embeddable":true,"href":"https:\/\/3d-island.com\/index.php?rest_route=\/wp\/v2\/media\/8776"}],"wp:attachment":[{"href":"https:\/\/3d-island.com\/index.php?rest_route=%2Fwp%2Fv2%2Fmedia&parent=312"}],"wp:term":[{"taxonomy":"pwb-brand","embeddable":true,"href":"https:\/\/3d-island.com\/index.php?rest_route=%2Fwp%2Fv2%2Fpwb-brand&post=312"},{"taxonomy":"product_brand","embeddable":true,"href":"https:\/\/3d-island.com\/index.php?rest_route=%2Fwp%2Fv2%2Fproduct_brand&post=312"},{"taxonomy":"product_cat","embeddable":true,"href":"https:\/\/3d-island.com\/index.php?rest_route=%2Fwp%2Fv2%2Fproduct_cat&post=312"},{"taxonomy":"product_tag","embeddable":true,"href":"https:\/\/3d-island.com\/index.php?rest_route=%2Fwp%2Fv2%2Fproduct_tag&post=312"}],"curies":[{"name":"wp","href":"https:\/\/api.w.org\/{rel}","templated":true}]}}