{"id":372,"date":"2021-08-27T11:59:19","date_gmt":"2021-08-27T11:59:19","guid":{"rendered":"http:\/\/dummy.xtemos.com\/woodmart2\/elementor\/?post_type=product&#038;p=372"},"modified":"2026-03-20T16:49:27","modified_gmt":"2026-03-20T12:49:27","slug":"abat-jour-personnalise","status":"publish","type":"product","link":"https:\/\/3d-island.com\/?product=abat-jour-personnalise","title":{"rendered":"Abat-jour personnalis\u00e9"},"content":{"rendered":"\t\t<div data-elementor-type=\"wp-post\" data-elementor-id=\"372\" class=\"elementor elementor-372\">\n\t\t\t\t\t\t<section class=\"elementor-section elementor-top-section elementor-element elementor-element-235c261 elementor-section-boxed elementor-section-height-default elementor-section-height-default wd-section-disabled\" data-id=\"235c261\" data-element_type=\"section\" data-e-type=\"section\">\n\t\t\t\t\t\t<div class=\"elementor-container elementor-column-gap-default\">\n\t\t\t\t\t<div class=\"elementor-column elementor-col-50 elementor-top-column elementor-element elementor-element-7113d4b\" data-id=\"7113d4b\" data-element_type=\"column\" data-e-type=\"column\">\n\t\t\t<div class=\"elementor-widget-wrap elementor-element-populated\">\n\t\t\t\t\t\t<div class=\"elementor-element elementor-element-54792bf elementor-widget elementor-widget-wd_text_block\" data-id=\"54792bf\" data-element_type=\"widget\" data-e-type=\"widget\" data-widget_type=\"wd_text_block.default\">\n\t\t\t\t<div class=\"elementor-widget-container\">\n\t\t\t\t\t\t\t\t<link rel=\"stylesheet\" id=\"wd-text-block-css\" href=\"https:\/\/3d-island.com\/wp-content\/themes\/woodmart\/css\/parts\/el-text-block.min.css?ver=6.3.3\" type=\"text\/css\" media=\"all\" \/> \t\t\t\t\t<div class=\"wd-text-block reset-last-child text-left\">\n\t\t\t\n\t\t\t<h1 class=\"name--product\">ABAT-JOUR PERSONNALIS\u00c9<\/h1><ul class=\"unordered-list\"><li><p class=\"body-productinfo__title\">Appuyez sur l'interrupteur et regardez vos photos pr\u00e9f\u00e9r\u00e9es prendre vie sur notre abat-jour personnalis\u00e9.<\/p><div class=\"body-productinfo__p\">De grande qualit\u00e9, cet abat-jour imprim\u00e9 est r\u00e9alis\u00e9 \u00e0 la main dans nos locaux. Vos photos sont imprim\u00e9es sur notre tissu rigide translucide pour un rendu fid\u00e8le \u00e0 la photo originale. Notre abat-jour personnalisable peut \u00e9galement \u00eatre personnalis\u00e9 avec un imprim\u00e9 ou un design. Tout est possible pour cr\u00e9er l'abat-jour qui rendra votre d\u00e9coration unique.<\/div><\/li><\/ul>\n\t\t\t\t\t<\/div>\n\t\t\t\t\t\t<\/div>\n\t\t\t\t<\/div>\n\t\t\t\t\t<\/div>\n\t\t<\/div>\n\t\t\t\t<div class=\"elementor-column elementor-col-50 elementor-top-column elementor-element elementor-element-aae609e\" data-id=\"aae609e\" data-element_type=\"column\" data-e-type=\"column\">\n\t\t\t<div class=\"elementor-widget-wrap elementor-element-populated\">\n\t\t\t\t\t\t<div class=\"elementor-element elementor-element-ed5ccda elementor-widget elementor-widget-wd_image_or_svg\" data-id=\"ed5ccda\" data-element_type=\"widget\" data-e-type=\"widget\" data-widget_type=\"wd_image_or_svg.default\">\n\t\t\t\t<div class=\"elementor-widget-container\">\n\t\t\t\t\t\n\t\t<div class=\"wd-image text-left\">\n\t\t\t\t\t\t\t\t<img fetchpriority=\"high\" decoding=\"async\" width=\"973\" height=\"254\" src=\"https:\/\/3d-island.com\/wp-content\/uploads\/2021\/08\/tableau-des-tailles-lampe-design-personnalisee-31293.jpg\" class=\"attachment-full size-full wp-image-8758\" alt=\"\" srcset=\"https:\/\/3d-island.com\/wp-content\/uploads\/2021\/08\/tableau-des-tailles-lampe-design-personnalisee-31293.jpg 973w, https:\/\/3d-island.com\/wp-content\/uploads\/2021\/08\/tableau-des-tailles-lampe-design-personnalisee-31293-400x104.jpg 400w, https:\/\/3d-island.com\/wp-content\/uploads\/2021\/08\/tableau-des-tailles-lampe-design-personnalisee-31293-768x200.jpg 768w, https:\/\/3d-island.com\/wp-content\/uploads\/2021\/08\/tableau-des-tailles-lampe-design-personnalisee-31293-860x225.jpg 860w, https:\/\/3d-island.com\/wp-content\/uploads\/2021\/08\/tableau-des-tailles-lampe-design-personnalisee-31293-430x112.jpg 430w, https:\/\/3d-island.com\/wp-content\/uploads\/2021\/08\/tableau-des-tailles-lampe-design-personnalisee-31293-700x183.jpg 700w, https:\/\/3d-island.com\/wp-content\/uploads\/2021\/08\/tableau-des-tailles-lampe-design-personnalisee-31293-150x39.jpg 150w\" sizes=\"(max-width: 973px) 100vw, 973px\" \/>\t\t\t\t\t<\/div>\n\n\t\t\t\t\t\t<\/div>\n\t\t\t\t<\/div>\n\t\t\t\t\t<\/div>\n\t\t<\/div>\n\t\t\t\t\t<\/div>\n\t\t<\/section>\n\t\t\t\t<\/div>\n\t\t","protected":false},"excerpt":{"rendered":"<p>Optez pour l&rsquo;abat-jour personnalis\u00e9 et affichez vos plus belles photos de mani\u00e8re originale.<\/p>\n<p>Disponible en 2 versions, \u00e0 suspendre ou pour lampe sur pied, cet abat-jour imprim\u00e9 se d\u00e9cline en 4 tailles diff\u00e9rentes.<\/p>\n<p>Par d\u00e9faut, la remise en mains propres sur Le Port-St Paul est s\u00e9lectionn\u00e9e<\/p>\n<p>Pour les livraisons et toute autre demande, vous pouvez utiliser <a href=\"https:\/\/3d-island.com\/contact\">notre formulaire de contact.<\/a><\/p>\n","protected":false},"featured_media":9811,"comment_status":"open","ping_status":"closed","template":"","meta":[],"pwb-brand":[],"product_brand":[],"product_cat":[32],"product_tag":[],"class_list":{"0":"post-372","1":"product","2":"type-product","3":"status-publish","4":"has-post-thumbnail","6":"product_cat-lithophanies","8":"first","9":"instock","10":"shipping-taxable","11":"purchasable","12":"product-type-variable"},"yoast_head":"<!-- This site is optimized with the Yoast SEO plugin v27.3 - https:\/\/yoast.com\/product\/yoast-seo-wordpress\/ -->\n<title>Abat-jour personnalis\u00e9 - 3D-ISLAND<\/title>\n<meta name=\"robots\" content=\"index, follow, max-snippet:-1, max-image-preview:large, max-video-preview:-1\" \/>\n<link rel=\"canonical\" href=\"https:\/\/3d-island.com\/produit\/abat-jour-personnalise\" \/>\n<meta property=\"og:locale\" content=\"fr_FR\" \/>\n<meta property=\"og:type\" content=\"article\" \/>\n<meta property=\"og:title\" content=\"Abat-jour personnalis\u00e9 - 3D-ISLAND\" \/>\n<meta property=\"og:description\" content=\"Optez pour l&#039;abat-jour personnalis\u00e9 et affichez vos plus belles photos de mani\u00e8re originale.  Disponible en 2 versions, \u00e0 suspendre ou pour lampe sur pied, cet abat-jour imprim\u00e9 se d\u00e9cline en 4 tailles diff\u00e9rentes.  Par d\u00e9faut, la remise en mains propres sur Le Port-St Paul est s\u00e9lectionn\u00e9e  Pour les livraisons et toute autre demande, vous pouvez utiliser notre formulaire de contact.\" \/>\n<meta property=\"og:url\" content=\"https:\/\/3d-island.com\/produit\/abat-jour-personnalise\" \/>\n<meta property=\"og:site_name\" content=\"3D-ISLAND\" \/>\n<meta property=\"article:publisher\" content=\"https:\/\/www.facebook.com\/lbi3d974\" \/>\n<meta property=\"article:modified_time\" content=\"2026-03-20T12:49:27+00:00\" \/>\n<meta property=\"og:image\" content=\"https:\/\/3d-island.com\/wp-content\/uploads\/2021\/08\/IMG_20220813_191226-scaled.jpg\" \/>\n\t<meta property=\"og:image:width\" content=\"1920\" \/>\n\t<meta property=\"og:image:height\" content=\"2560\" \/>\n\t<meta property=\"og:image:type\" content=\"image\/jpeg\" \/>\n<meta name=\"twitter:card\" content=\"summary_large_image\" \/>\n<script type=\"application\/ld+json\" class=\"yoast-schema-graph\">{\"@context\":\"https:\\\/\\\/schema.org\",\"@graph\":[{\"@type\":\"WebPage\",\"@id\":\"https:\\\/\\\/3d-island.com\\\/produit\\\/abat-jour-personnalise\",\"url\":\"https:\\\/\\\/3d-island.com\\\/produit\\\/abat-jour-personnalise\",\"name\":\"Abat-jour personnalis\u00e9 - 3D-ISLAND\",\"isPartOf\":{\"@id\":\"https:\\\/\\\/3d-island.com\\\/#website\"},\"primaryImageOfPage\":{\"@id\":\"https:\\\/\\\/3d-island.com\\\/produit\\\/abat-jour-personnalise#primaryimage\"},\"image\":{\"@id\":\"https:\\\/\\\/3d-island.com\\\/produit\\\/abat-jour-personnalise#primaryimage\"},\"thumbnailUrl\":\"https:\\\/\\\/3d-island.com\\\/wp-content\\\/uploads\\\/2021\\\/08\\\/IMG_20220813_191226-scaled.jpg\",\"datePublished\":\"2021-08-27T11:59:19+00:00\",\"dateModified\":\"2026-03-20T12:49:27+00:00\",\"breadcrumb\":{\"@id\":\"https:\\\/\\\/3d-island.com\\\/produit\\\/abat-jour-personnalise#breadcrumb\"},\"inLanguage\":\"fr-FR\",\"potentialAction\":[{\"@type\":\"ReadAction\",\"target\":[\"https:\\\/\\\/3d-island.com\\\/produit\\\/abat-jour-personnalise\"]}]},{\"@type\":\"ImageObject\",\"inLanguage\":\"fr-FR\",\"@id\":\"https:\\\/\\\/3d-island.com\\\/produit\\\/abat-jour-personnalise#primaryimage\",\"url\":\"https:\\\/\\\/3d-island.com\\\/wp-content\\\/uploads\\\/2021\\\/08\\\/IMG_20220813_191226-scaled.jpg\",\"contentUrl\":\"https:\\\/\\\/3d-island.com\\\/wp-content\\\/uploads\\\/2021\\\/08\\\/IMG_20220813_191226-scaled.jpg\",\"width\":1920,\"height\":2560},{\"@type\":\"BreadcrumbList\",\"@id\":\"https:\\\/\\\/3d-island.com\\\/produit\\\/abat-jour-personnalise#breadcrumb\",\"itemListElement\":[{\"@type\":\"ListItem\",\"position\":1,\"name\":\"Accueil\",\"item\":\"https:\\\/\\\/3d-island.com\\\/\"},{\"@type\":\"ListItem\",\"position\":2,\"name\":\"BOUTIQUE\",\"item\":\"https:\\\/\\\/3d-island.com\\\/?page_id=14\"},{\"@type\":\"ListItem\",\"position\":3,\"name\":\"Abat-jour personnalis\u00e9\"}]},{\"@type\":\"WebSite\",\"@id\":\"https:\\\/\\\/3d-island.com\\\/#website\",\"url\":\"https:\\\/\\\/3d-island.com\\\/\",\"name\":\"3D-ISLAND\",\"description\":\"3D-ISLAND l&#039;impression 3D \u00e0 la demande\",\"publisher\":{\"@id\":\"https:\\\/\\\/3d-island.com\\\/#organization\"},\"potentialAction\":[{\"@type\":\"SearchAction\",\"target\":{\"@type\":\"EntryPoint\",\"urlTemplate\":\"https:\\\/\\\/3d-island.com\\\/?s={search_term_string}\"},\"query-input\":{\"@type\":\"PropertyValueSpecification\",\"valueRequired\":true,\"valueName\":\"search_term_string\"}}],\"inLanguage\":\"fr-FR\"},{\"@type\":\"Organization\",\"@id\":\"https:\\\/\\\/3d-island.com\\\/#organization\",\"name\":\"3D-ISLAND\",\"url\":\"https:\\\/\\\/3d-island.com\\\/\",\"logo\":{\"@type\":\"ImageObject\",\"inLanguage\":\"fr-FR\",\"@id\":\"https:\\\/\\\/3d-island.com\\\/#\\\/schema\\\/logo\\\/image\\\/\",\"url\":\"https:\\\/\\\/3d-island.com\\\/wp-content\\\/uploads\\\/2021\\\/08\\\/logo3disland.png\",\"contentUrl\":\"https:\\\/\\\/3d-island.com\\\/wp-content\\\/uploads\\\/2021\\\/08\\\/logo3disland.png\",\"width\":1538,\"height\":221,\"caption\":\"3D-ISLAND\"},\"image\":{\"@id\":\"https:\\\/\\\/3d-island.com\\\/#\\\/schema\\\/logo\\\/image\\\/\"},\"sameAs\":[\"https:\\\/\\\/www.facebook.com\\\/lbi3d974\"]}]}<\/script>\n<!-- \/ Yoast SEO plugin. -->","yoast_head_json":{"title":"Abat-jour personnalis\u00e9 - 3D-ISLAND","robots":{"index":"index","follow":"follow","max-snippet":"max-snippet:-1","max-image-preview":"max-image-preview:large","max-video-preview":"max-video-preview:-1"},"canonical":"https:\/\/3d-island.com\/produit\/abat-jour-personnalise","og_locale":"fr_FR","og_type":"article","og_title":"Abat-jour personnalis\u00e9 - 3D-ISLAND","og_description":"Optez pour l'abat-jour personnalis\u00e9 et affichez vos plus belles photos de mani\u00e8re originale.  Disponible en 2 versions, \u00e0 suspendre ou pour lampe sur pied, cet abat-jour imprim\u00e9 se d\u00e9cline en 4 tailles diff\u00e9rentes.  Par d\u00e9faut, la remise en mains propres sur Le Port-St Paul est s\u00e9lectionn\u00e9e  Pour les livraisons et toute autre demande, vous pouvez utiliser notre formulaire de contact.","og_url":"https:\/\/3d-island.com\/produit\/abat-jour-personnalise","og_site_name":"3D-ISLAND","article_publisher":"https:\/\/www.facebook.com\/lbi3d974","article_modified_time":"2026-03-20T12:49:27+00:00","og_image":[{"width":1920,"height":2560,"url":"https:\/\/3d-island.com\/wp-content\/uploads\/2021\/08\/IMG_20220813_191226-scaled.jpg","type":"image\/jpeg"}],"twitter_card":"summary_large_image","schema":{"@context":"https:\/\/schema.org","@graph":[{"@type":"WebPage","@id":"https:\/\/3d-island.com\/produit\/abat-jour-personnalise","url":"https:\/\/3d-island.com\/produit\/abat-jour-personnalise","name":"Abat-jour personnalis\u00e9 - 3D-ISLAND","isPartOf":{"@id":"https:\/\/3d-island.com\/#website"},"primaryImageOfPage":{"@id":"https:\/\/3d-island.com\/produit\/abat-jour-personnalise#primaryimage"},"image":{"@id":"https:\/\/3d-island.com\/produit\/abat-jour-personnalise#primaryimage"},"thumbnailUrl":"https:\/\/3d-island.com\/wp-content\/uploads\/2021\/08\/IMG_20220813_191226-scaled.jpg","datePublished":"2021-08-27T11:59:19+00:00","dateModified":"2026-03-20T12:49:27+00:00","breadcrumb":{"@id":"https:\/\/3d-island.com\/produit\/abat-jour-personnalise#breadcrumb"},"inLanguage":"fr-FR","potentialAction":[{"@type":"ReadAction","target":["https:\/\/3d-island.com\/produit\/abat-jour-personnalise"]}]},{"@type":"ImageObject","inLanguage":"fr-FR","@id":"https:\/\/3d-island.com\/produit\/abat-jour-personnalise#primaryimage","url":"https:\/\/3d-island.com\/wp-content\/uploads\/2021\/08\/IMG_20220813_191226-scaled.jpg","contentUrl":"https:\/\/3d-island.com\/wp-content\/uploads\/2021\/08\/IMG_20220813_191226-scaled.jpg","width":1920,"height":2560},{"@type":"BreadcrumbList","@id":"https:\/\/3d-island.com\/produit\/abat-jour-personnalise#breadcrumb","itemListElement":[{"@type":"ListItem","position":1,"name":"Accueil","item":"https:\/\/3d-island.com\/"},{"@type":"ListItem","position":2,"name":"BOUTIQUE","item":"https:\/\/3d-island.com\/?page_id=14"},{"@type":"ListItem","position":3,"name":"Abat-jour personnalis\u00e9"}]},{"@type":"WebSite","@id":"https:\/\/3d-island.com\/#website","url":"https:\/\/3d-island.com\/","name":"3D-ISLAND","description":"3D-ISLAND l&#039;impression 3D \u00e0 la demande","publisher":{"@id":"https:\/\/3d-island.com\/#organization"},"potentialAction":[{"@type":"SearchAction","target":{"@type":"EntryPoint","urlTemplate":"https:\/\/3d-island.com\/?s={search_term_string}"},"query-input":{"@type":"PropertyValueSpecification","valueRequired":true,"valueName":"search_term_string"}}],"inLanguage":"fr-FR"},{"@type":"Organization","@id":"https:\/\/3d-island.com\/#organization","name":"3D-ISLAND","url":"https:\/\/3d-island.com\/","logo":{"@type":"ImageObject","inLanguage":"fr-FR","@id":"https:\/\/3d-island.com\/#\/schema\/logo\/image\/","url":"https:\/\/3d-island.com\/wp-content\/uploads\/2021\/08\/logo3disland.png","contentUrl":"https:\/\/3d-island.com\/wp-content\/uploads\/2021\/08\/logo3disland.png","width":1538,"height":221,"caption":"3D-ISLAND"},"image":{"@id":"https:\/\/3d-island.com\/#\/schema\/logo\/image\/"},"sameAs":["https:\/\/www.facebook.com\/lbi3d974"]}]}},"jetpack_sharing_enabled":true,"brands":[],"_links":{"self":[{"href":"https:\/\/3d-island.com\/index.php?rest_route=\/wp\/v2\/product\/372","targetHints":{"allow":["GET"]}}],"collection":[{"href":"https:\/\/3d-island.com\/index.php?rest_route=\/wp\/v2\/product"}],"about":[{"href":"https:\/\/3d-island.com\/index.php?rest_route=\/wp\/v2\/types\/product"}],"replies":[{"embeddable":true,"href":"https:\/\/3d-island.com\/index.php?rest_route=%2Fwp%2Fv2%2Fcomments&post=372"}],"version-history":[{"count":0,"href":"https:\/\/3d-island.com\/index.php?rest_route=\/wp\/v2\/product\/372\/revisions"}],"wp:featuredmedia":[{"embeddable":true,"href":"https:\/\/3d-island.com\/index.php?rest_route=\/wp\/v2\/media\/9811"}],"wp:attachment":[{"href":"https:\/\/3d-island.com\/index.php?rest_route=%2Fwp%2Fv2%2Fmedia&parent=372"}],"wp:term":[{"taxonomy":"pwb-brand","embeddable":true,"href":"https:\/\/3d-island.com\/index.php?rest_route=%2Fwp%2Fv2%2Fpwb-brand&post=372"},{"taxonomy":"product_brand","embeddable":true,"href":"https:\/\/3d-island.com\/index.php?rest_route=%2Fwp%2Fv2%2Fproduct_brand&post=372"},{"taxonomy":"product_cat","embeddable":true,"href":"https:\/\/3d-island.com\/index.php?rest_route=%2Fwp%2Fv2%2Fproduct_cat&post=372"},{"taxonomy":"product_tag","embeddable":true,"href":"https:\/\/3d-island.com\/index.php?rest_route=%2Fwp%2Fv2%2Fproduct_tag&post=372"}],"curies":[{"name":"wp","href":"https:\/\/api.w.org\/{rel}","templated":true}]}}