{"id":9797,"date":"2022-08-13T13:08:31","date_gmt":"2022-08-13T13:08:31","guid":{"rendered":"https:\/\/3d-island.com\/?post_type=product&#038;p=9797"},"modified":"2026-04-12T22:06:36","modified_gmt":"2026-04-12T18:06:36","slug":"bouteille-de-biere-personnalisee","status":"publish","type":"product","link":"https:\/\/3d-island.com\/?product=bouteille-de-biere-personnalisee","title":{"rendered":"Bouteille personnalis\u00e9e"},"content":{"rendered":"<p>Lampe \u00e0 LED en impression 3D.<\/p>\n<p>Socle avec syst\u00e8me d&rsquo;\u00e9clairage multicolore t\u00e9l\u00e9command\u00e9.<\/p>\n<p>Piles non incluses.<\/p>\n","protected":false},"excerpt":{"rendered":"<p>Lampe \u00e0 LED en impression 3D. Socle avec syst\u00e8me d&rsquo;\u00e9clairage multicolore t\u00e9l\u00e9command\u00e9. Piles non incluses.<\/p>\n","protected":false},"featured_media":8961,"comment_status":"open","ping_status":"closed","template":"","meta":[],"pwb-brand":[],"product_brand":[],"product_cat":[82],"product_tag":[],"class_list":{"0":"post-9797","1":"product","2":"type-product","3":"status-publish","4":"has-post-thumbnail","6":"product_cat-bouteilles-lithophanie","8":"first","9":"instock","10":"shipping-taxable","11":"purchasable","12":"product-type-simple"},"yoast_head":"<!-- This site is optimized with the Yoast SEO plugin v27.3 - https:\/\/yoast.com\/product\/yoast-seo-wordpress\/ -->\n<title>Bouteille personnalis\u00e9e - 3D-ISLAND<\/title>\n<meta name=\"robots\" content=\"index, follow, max-snippet:-1, max-image-preview:large, max-video-preview:-1\" \/>\n<link rel=\"canonical\" href=\"https:\/\/3d-island.com\/produit\/bouteille-de-biere-personnalisee\" \/>\n<meta property=\"og:locale\" content=\"fr_FR\" \/>\n<meta property=\"og:type\" content=\"article\" \/>\n<meta property=\"og:title\" content=\"Bouteille personnalis\u00e9e - 3D-ISLAND\" \/>\n<meta property=\"og:description\" content=\"Lampe \u00e0 LED en impression 3D. Socle avec syst\u00e8me d&rsquo;\u00e9clairage multicolore t\u00e9l\u00e9command\u00e9. Piles non incluses.\" \/>\n<meta property=\"og:url\" content=\"https:\/\/3d-island.com\/produit\/bouteille-de-biere-personnalisee\" \/>\n<meta property=\"og:site_name\" content=\"3D-ISLAND\" \/>\n<meta property=\"article:publisher\" content=\"https:\/\/www.facebook.com\/lbi3d974\" \/>\n<meta property=\"article:modified_time\" content=\"2026-04-12T18:06:36+00:00\" \/>\n<meta property=\"og:image\" content=\"https:\/\/3d-island.com\/wp-content\/uploads\/2022\/04\/Dodo-Lolo-3.jpg\" \/>\n\t<meta property=\"og:image:width\" content=\"1200\" \/>\n\t<meta property=\"og:image:height\" content=\"1599\" \/>\n\t<meta property=\"og:image:type\" content=\"image\/jpeg\" \/>\n<meta name=\"twitter:card\" content=\"summary_large_image\" \/>\n<script type=\"application\/ld+json\" class=\"yoast-schema-graph\">{\"@context\":\"https:\\\/\\\/schema.org\",\"@graph\":[{\"@type\":\"WebPage\",\"@id\":\"https:\\\/\\\/3d-island.com\\\/produit\\\/bouteille-de-biere-personnalisee\",\"url\":\"https:\\\/\\\/3d-island.com\\\/produit\\\/bouteille-de-biere-personnalisee\",\"name\":\"Bouteille personnalis\u00e9e - 3D-ISLAND\",\"isPartOf\":{\"@id\":\"https:\\\/\\\/3d-island.com\\\/#website\"},\"primaryImageOfPage\":{\"@id\":\"https:\\\/\\\/3d-island.com\\\/produit\\\/bouteille-de-biere-personnalisee#primaryimage\"},\"image\":{\"@id\":\"https:\\\/\\\/3d-island.com\\\/produit\\\/bouteille-de-biere-personnalisee#primaryimage\"},\"thumbnailUrl\":\"https:\\\/\\\/3d-island.com\\\/wp-content\\\/uploads\\\/2022\\\/04\\\/Dodo-Lolo-3.jpg\",\"datePublished\":\"2022-08-13T13:08:31+00:00\",\"dateModified\":\"2026-04-12T18:06:36+00:00\",\"breadcrumb\":{\"@id\":\"https:\\\/\\\/3d-island.com\\\/produit\\\/bouteille-de-biere-personnalisee#breadcrumb\"},\"inLanguage\":\"fr-FR\",\"potentialAction\":[{\"@type\":\"ReadAction\",\"target\":[\"https:\\\/\\\/3d-island.com\\\/produit\\\/bouteille-de-biere-personnalisee\"]}]},{\"@type\":\"ImageObject\",\"inLanguage\":\"fr-FR\",\"@id\":\"https:\\\/\\\/3d-island.com\\\/produit\\\/bouteille-de-biere-personnalisee#primaryimage\",\"url\":\"https:\\\/\\\/3d-island.com\\\/wp-content\\\/uploads\\\/2022\\\/04\\\/Dodo-Lolo-3.jpg\",\"contentUrl\":\"https:\\\/\\\/3d-island.com\\\/wp-content\\\/uploads\\\/2022\\\/04\\\/Dodo-Lolo-3.jpg\",\"width\":1200,\"height\":1599},{\"@type\":\"BreadcrumbList\",\"@id\":\"https:\\\/\\\/3d-island.com\\\/produit\\\/bouteille-de-biere-personnalisee#breadcrumb\",\"itemListElement\":[{\"@type\":\"ListItem\",\"position\":1,\"name\":\"Accueil\",\"item\":\"https:\\\/\\\/3d-island.com\\\/\"},{\"@type\":\"ListItem\",\"position\":2,\"name\":\"BOUTIQUE\",\"item\":\"https:\\\/\\\/3d-island.com\\\/?page_id=14\"},{\"@type\":\"ListItem\",\"position\":3,\"name\":\"Bouteille personnalis\u00e9e\"}]},{\"@type\":\"WebSite\",\"@id\":\"https:\\\/\\\/3d-island.com\\\/#website\",\"url\":\"https:\\\/\\\/3d-island.com\\\/\",\"name\":\"3D-ISLAND\",\"description\":\"3D-ISLAND l&#039;impression 3D \u00e0 la demande\",\"publisher\":{\"@id\":\"https:\\\/\\\/3d-island.com\\\/#organization\"},\"potentialAction\":[{\"@type\":\"SearchAction\",\"target\":{\"@type\":\"EntryPoint\",\"urlTemplate\":\"https:\\\/\\\/3d-island.com\\\/?s={search_term_string}\"},\"query-input\":{\"@type\":\"PropertyValueSpecification\",\"valueRequired\":true,\"valueName\":\"search_term_string\"}}],\"inLanguage\":\"fr-FR\"},{\"@type\":\"Organization\",\"@id\":\"https:\\\/\\\/3d-island.com\\\/#organization\",\"name\":\"3D-ISLAND\",\"url\":\"https:\\\/\\\/3d-island.com\\\/\",\"logo\":{\"@type\":\"ImageObject\",\"inLanguage\":\"fr-FR\",\"@id\":\"https:\\\/\\\/3d-island.com\\\/#\\\/schema\\\/logo\\\/image\\\/\",\"url\":\"https:\\\/\\\/3d-island.com\\\/wp-content\\\/uploads\\\/2021\\\/08\\\/logo3disland.png\",\"contentUrl\":\"https:\\\/\\\/3d-island.com\\\/wp-content\\\/uploads\\\/2021\\\/08\\\/logo3disland.png\",\"width\":1538,\"height\":221,\"caption\":\"3D-ISLAND\"},\"image\":{\"@id\":\"https:\\\/\\\/3d-island.com\\\/#\\\/schema\\\/logo\\\/image\\\/\"},\"sameAs\":[\"https:\\\/\\\/www.facebook.com\\\/lbi3d974\"]}]}<\/script>\n<!-- \/ Yoast SEO plugin. -->","yoast_head_json":{"title":"Bouteille personnalis\u00e9e - 3D-ISLAND","robots":{"index":"index","follow":"follow","max-snippet":"max-snippet:-1","max-image-preview":"max-image-preview:large","max-video-preview":"max-video-preview:-1"},"canonical":"https:\/\/3d-island.com\/produit\/bouteille-de-biere-personnalisee","og_locale":"fr_FR","og_type":"article","og_title":"Bouteille personnalis\u00e9e - 3D-ISLAND","og_description":"Lampe \u00e0 LED en impression 3D. Socle avec syst\u00e8me d&rsquo;\u00e9clairage multicolore t\u00e9l\u00e9command\u00e9. Piles non incluses.","og_url":"https:\/\/3d-island.com\/produit\/bouteille-de-biere-personnalisee","og_site_name":"3D-ISLAND","article_publisher":"https:\/\/www.facebook.com\/lbi3d974","article_modified_time":"2026-04-12T18:06:36+00:00","og_image":[{"width":1200,"height":1599,"url":"https:\/\/3d-island.com\/wp-content\/uploads\/2022\/04\/Dodo-Lolo-3.jpg","type":"image\/jpeg"}],"twitter_card":"summary_large_image","schema":{"@context":"https:\/\/schema.org","@graph":[{"@type":"WebPage","@id":"https:\/\/3d-island.com\/produit\/bouteille-de-biere-personnalisee","url":"https:\/\/3d-island.com\/produit\/bouteille-de-biere-personnalisee","name":"Bouteille personnalis\u00e9e - 3D-ISLAND","isPartOf":{"@id":"https:\/\/3d-island.com\/#website"},"primaryImageOfPage":{"@id":"https:\/\/3d-island.com\/produit\/bouteille-de-biere-personnalisee#primaryimage"},"image":{"@id":"https:\/\/3d-island.com\/produit\/bouteille-de-biere-personnalisee#primaryimage"},"thumbnailUrl":"https:\/\/3d-island.com\/wp-content\/uploads\/2022\/04\/Dodo-Lolo-3.jpg","datePublished":"2022-08-13T13:08:31+00:00","dateModified":"2026-04-12T18:06:36+00:00","breadcrumb":{"@id":"https:\/\/3d-island.com\/produit\/bouteille-de-biere-personnalisee#breadcrumb"},"inLanguage":"fr-FR","potentialAction":[{"@type":"ReadAction","target":["https:\/\/3d-island.com\/produit\/bouteille-de-biere-personnalisee"]}]},{"@type":"ImageObject","inLanguage":"fr-FR","@id":"https:\/\/3d-island.com\/produit\/bouteille-de-biere-personnalisee#primaryimage","url":"https:\/\/3d-island.com\/wp-content\/uploads\/2022\/04\/Dodo-Lolo-3.jpg","contentUrl":"https:\/\/3d-island.com\/wp-content\/uploads\/2022\/04\/Dodo-Lolo-3.jpg","width":1200,"height":1599},{"@type":"BreadcrumbList","@id":"https:\/\/3d-island.com\/produit\/bouteille-de-biere-personnalisee#breadcrumb","itemListElement":[{"@type":"ListItem","position":1,"name":"Accueil","item":"https:\/\/3d-island.com\/"},{"@type":"ListItem","position":2,"name":"BOUTIQUE","item":"https:\/\/3d-island.com\/?page_id=14"},{"@type":"ListItem","position":3,"name":"Bouteille personnalis\u00e9e"}]},{"@type":"WebSite","@id":"https:\/\/3d-island.com\/#website","url":"https:\/\/3d-island.com\/","name":"3D-ISLAND","description":"3D-ISLAND l&#039;impression 3D \u00e0 la demande","publisher":{"@id":"https:\/\/3d-island.com\/#organization"},"potentialAction":[{"@type":"SearchAction","target":{"@type":"EntryPoint","urlTemplate":"https:\/\/3d-island.com\/?s={search_term_string}"},"query-input":{"@type":"PropertyValueSpecification","valueRequired":true,"valueName":"search_term_string"}}],"inLanguage":"fr-FR"},{"@type":"Organization","@id":"https:\/\/3d-island.com\/#organization","name":"3D-ISLAND","url":"https:\/\/3d-island.com\/","logo":{"@type":"ImageObject","inLanguage":"fr-FR","@id":"https:\/\/3d-island.com\/#\/schema\/logo\/image\/","url":"https:\/\/3d-island.com\/wp-content\/uploads\/2021\/08\/logo3disland.png","contentUrl":"https:\/\/3d-island.com\/wp-content\/uploads\/2021\/08\/logo3disland.png","width":1538,"height":221,"caption":"3D-ISLAND"},"image":{"@id":"https:\/\/3d-island.com\/#\/schema\/logo\/image\/"},"sameAs":["https:\/\/www.facebook.com\/lbi3d974"]}]}},"jetpack_sharing_enabled":true,"brands":[],"_links":{"self":[{"href":"https:\/\/3d-island.com\/index.php?rest_route=\/wp\/v2\/product\/9797","targetHints":{"allow":["GET"]}}],"collection":[{"href":"https:\/\/3d-island.com\/index.php?rest_route=\/wp\/v2\/product"}],"about":[{"href":"https:\/\/3d-island.com\/index.php?rest_route=\/wp\/v2\/types\/product"}],"replies":[{"embeddable":true,"href":"https:\/\/3d-island.com\/index.php?rest_route=%2Fwp%2Fv2%2Fcomments&post=9797"}],"version-history":[{"count":0,"href":"https:\/\/3d-island.com\/index.php?rest_route=\/wp\/v2\/product\/9797\/revisions"}],"wp:featuredmedia":[{"embeddable":true,"href":"https:\/\/3d-island.com\/index.php?rest_route=\/wp\/v2\/media\/8961"}],"wp:attachment":[{"href":"https:\/\/3d-island.com\/index.php?rest_route=%2Fwp%2Fv2%2Fmedia&parent=9797"}],"wp:term":[{"taxonomy":"pwb-brand","embeddable":true,"href":"https:\/\/3d-island.com\/index.php?rest_route=%2Fwp%2Fv2%2Fpwb-brand&post=9797"},{"taxonomy":"product_brand","embeddable":true,"href":"https:\/\/3d-island.com\/index.php?rest_route=%2Fwp%2Fv2%2Fproduct_brand&post=9797"},{"taxonomy":"product_cat","embeddable":true,"href":"https:\/\/3d-island.com\/index.php?rest_route=%2Fwp%2Fv2%2Fproduct_cat&post=9797"},{"taxonomy":"product_tag","embeddable":true,"href":"https:\/\/3d-island.com\/index.php?rest_route=%2Fwp%2Fv2%2Fproduct_tag&post=9797"}],"curies":[{"name":"wp","href":"https:\/\/api.w.org\/{rel}","templated":true}]}}